{"id":363,"date":"2019-10-30T18:26:59","date_gmt":"2019-10-30T17:26:59","guid":{"rendered":"https:\/\/www.italiahaus.com\/location\/"},"modified":"2025-11-03T17:27:42","modified_gmt":"2025-11-03T16:27:42","slug":"location","status":"publish","type":"page","link":"https:\/\/www.capatronloft.com\/fr\/location\/","title":{"rendered":"Emplacement"},"content":{"rendered":"<p>[vc_row full_width=\u00a0\u00bbstretch_row_content_no_spaces\u00a0\u00bb][vc_column][rev_slider_vc alias=\u00a0\u00bblocation\u00a0\u00bb][vc_raw_html]PGRpdiBjbGFzcz0iYXJyb3ctd3JhcHBlciI+PGRpdiBjbGFzcz0iYXJyb3ciPjwvZGl2PjwvZGl2Pg==[\/vc_raw_html][\/vc_column][\/vc_row][vc_row full_width=\u00a0\u00bbstretch_row_content_no_spaces\u00a0\u00bb content_placement=\u00a0\u00bbmiddle\u00a0\u00bb parallax=\u00a0\u00bbcontent-moving\u00a0\u00bb parallax_speed_bg=\u00a0\u00bb2&Prime; css=\u00a0\u00bb.vc_custom_1572456322243{padding-top: 20px !important;padding-bottom: 60px !important;background-color: #ededed !important;}\u00a0\u00bb][vc_column][vc_column_text]<\/p>\n<h1 style=\"text-align: center;\">EMPLACEMENT<\/h1>\n<p>[\/vc_column_text]<style type=\"text\/css\" data-type=\"the7_shortcodes-inline-css\">.dt-breadcrumbs-id-4f066c91a384b2d5315c30dc98f4af42 .breadcrumbs {\n  display: inline-block;\n  margin: 0;\n  padding: 2px 10px 2px 10px;\n  border: 0px solid ;\n  border-radius: 0px;\n}\n.dt-breadcrumbs-id-4f066c91a384b2d5315c30dc98f4af42 .breadcrumbs * {\n  font-size: 14px;\n  line-height: 20px;\n  font-style: italic;\n  font-weight: ;\n  text-transform: ;\n}\n<\/style><div class=\"dt-breadcrumbs-shortcode dt-breadcrumbs-id-4f066c91a384b2d5315c30dc98f4af42 align-centre\"><div class=\"assistive-text\">Vous \u00eates ici :<\/div><ol class=\"breadcrumbs text-small\" xmlns:v=\"http:\/\/rdf.data-vocabulary.org\/#\"><li typeof=\"v:Breadcrumb\"><a rel=\"v:url\" property=\"v:title\" href=\"https:\/\/www.capatronloft.com\/fr\/\" title=\"\">Accueil<\/a><\/li><li class=\"current\">Page<\/li><\/ol><\/div>[\/vc_column][\/vc_row][vc_row css=\u00a0\u00bb.vc_custom_1547477519063{padding-top: 30px !important;padding-bottom: 60px !important;}\u00a0\u00bb][vc_column][vc_column_text]<\/p>\n<p style=\"text-align: center;\">Situ\u00e9e dans le quartier de San Marco, dans le centre historique, la r\u00e9sidence Ca\u2019 Patron Loft est proche des lignes ACTV 1 et 2 (Fermata &#8211; Rialto) de Tronchetto, Piazzale Roma et Ferrovia, et Alilaguna Arancio de l\u2019a\u00e9roport Marco Polo de Venise (Fermata &#8211; Rialto).<br \/>\nIl est possible de rejoindre la Dimora sans traverser de pont avec vos valises!<\/p>\n<p>[\/vc_column_text][\/vc_column][\/vc_row][vc_row full_width=\u00a0\u00bbstretch_row_content\u00a0\u00bb css=\u00a0\u00bb.vc_custom_1627980002010{padding-top: 15px !important;padding-bottom: 60px !important;}\u00a0\u00bb][vc_column][vc_gmaps link=\u00a0\u00bb#E-8_JTNDaWZyYW1lJTIwc3JjJTNEJTIyaHR0cHMlM0ElMkYlMkZ3d3cuZ29vZ2xlLmNvbSUyRm1hcHMlMkZlbWJlZCUzRnBiJTNEJTIxMW0xOCUyMTFtMTIlMjExbTMlMjExZDQxOC43NTEwMjY1NTgwMDA4JTIxMmQxMi4zMzcxNjAyNjk0OTQ0NTglMjEzZDQ1LjQzODEzNjM1MTgzODgyJTIxMm0zJTIxMWYwJTIxMmYwJTIxM2YwJTIxM20yJTIxMWkxMDI0JTIxMmk3NjglMjE0ZjEzLjElMjEzbTMlMjExbTIlMjExczB4NDc3ZWIxMjdlYTA4MzcyMyUyNTNBMHhlMGM5YjE0ZmUzZTBlNWEwJTIxMnNDJTI1QzMlMjVBMCUyNTIwUGF0cm9uJTI1MjBMb2Z0JTI1MjBWZW5pY2UlMjUyQyUyNTIwQ2FuYWwlMjUyMFZpZXclMjE1ZTElMjEzbTIlMjExc2l0JTIxMnNpdCUyMTR2MTc2MjE4NzE3NDc1OCUyMTVtMiUyMTFzaXQlMjEyc2l0JTIyJTIwd2lkdGglM0QlMjI2MDAlMjIlMjBoZWlnaHQlM0QlMjI0NTAlMjIlMjBzdHlsZSUzRCUyMmJvcmRlciUzQTAlM0IlMjIlMjBhbGxvd2Z1bGxzY3JlZW4lM0QlMjIlMjIlMjBsb2FkaW5nJTNEJTIybGF6eSUyMiUyMHJlZmVycmVycG9saWN5JTNEJTIybm8tcmVmZXJyZXItd2hlbi1kb3duZ3JhZGUlMjIlM0UlM0MlMkZpZnJhbWUlM0U=\u00a0\u00bb size=\u00a0\u00bb600px\u00a0\u00bb][\/vc_column][\/vc_row][vc_row css=\u00a0\u00bb.vc_custom_1547477519063{padding-top: 30px !important;padding-bottom: 60px !important;}\u00a0\u00bb][vc_column][vc_column_text]<\/p>\n<h3 style=\"text-align: center;\">Comment nous rejoindre<\/h3>\n<p>[\/vc_column_text][\/vc_column][\/vc_row][vc_row full_width=\u00a0\u00bbstretch_row_content\u00a0\u00bb gap=\u00a0\u00bb35&Prime; css=\u00a0\u00bb.vc_custom_1547712291318{padding-bottom: 50px !important;}\u00a0\u00bb][vc_column width=\u00a0\u00bb1\/3&Prime; css=\u00a0\u00bb.vc_custom_1627980089056{padding-top: 35px !important;padding-right: 35px !important;padding-bottom: 35px !important;padding-left: 35px !important;background-color: #eeeeee !important;}\u00a0\u00bb][vc_icon icon_fontawesome=\u00a0\u00bbfa fa-plane\u00a0\u00bb color=\u00a0\u00bbblack\u00a0\u00bb size=\u00a0\u00bbxl\u00a0\u00bb align=\u00a0\u00bbcenter\u00a0\u00bb][vc_column_text]<\/p>\n<p style=\"text-align: center;\"><strong>AVION<\/strong><\/p>\n<p>\u00c0 l&rsquo;a\u00e9roport international Marco Polo de Venise, vous pouvez facilement prendre la ligne Alilaguna Arancio et descendre \u00e0 Rialto. \u00c0 la sortie de l&#8217;embarcad\u00e8re, tournez \u00e0 droite et suivez la direction du campo San Salvador, tournez \u00e0 gauche et continuez jusqu&rsquo;au campo San Bartolomeo et continuez le long de la calle della Bissa, tournez \u00e0 droite dans la calle dell&rsquo;Orso et tournez imm\u00e9diatement \u00e0 gauche dans la Corte del Tintor, en face de vous au num\u00e9ro 5515 int.2 se trouve le Ca&rsquo; Patron Loft.<br \/>\n[\/vc_column_text][\/vc_column][vc_column width=\u00a0\u00bb1\/3&Prime; css=\u00a0\u00bb.vc_custom_1627980116627{padding-top: 35px !important;padding-right: 35px !important;padding-bottom: 35px !important;padding-left: 35px !important;background-color: #eeeeee !important;}\u00a0\u00bb][vc_icon icon_fontawesome=\u00a0\u00bbfa fa-car\u00a0\u00bb color=\u00a0\u00bbblack\u00a0\u00bb size=\u00a0\u00bbxl\u00a0\u00bb align=\u00a0\u00bbcenter\u00a0\u00bb][vc_column_text]<\/p>\n<p style=\"text-align: center;\"><strong>VOITURE<\/strong><\/p>\n<p>Garez votre voiture dans l&rsquo;un des garages du Tronchetto (moins cher) ou de Piazzale Roma. De l&rsquo;un ou l&rsquo;autre de ces endroits, vous pouvez prendre la ligne 2 de l&rsquo;ACTV et descendre \u00e0 Rialto. Une fois sorti de l&#8217;embarcad\u00e8re, tournez \u00e0 droite et continuez jusqu&rsquo;au campo San Salvador, tournez \u00e0 gauche et continuez jusqu&rsquo;au campo San Bartolomeo et continuez le long de la calle della Bissa, tournez \u00e0 droite dans la calle dell&rsquo;Orso et tournez imm\u00e9diatement \u00e0 gauche dans la Corte del Tintor, en face de vous au num\u00e9ro 5515 int.2 vous trouverez le Ca&rsquo; Patron Loft.<br \/>\n[\/vc_column_text][\/vc_column][vc_column width=\u00a0\u00bb1\/3&Prime; css=\u00a0\u00bb.vc_custom_1627980106386{padding-top: 35px !important;padding-right: 35px !important;padding-bottom: 35px !important;padding-left: 35px !important;background-color: #eeeeee !important;}\u00a0\u00bb][vc_icon icon_fontawesome=\u00a0\u00bbfa fa-train\u00a0\u00bb color=\u00a0\u00bbblack\u00a0\u00bb size=\u00a0\u00bbxl\u00a0\u00bb align=\u00a0\u00bbcenter\u00a0\u00bb][vc_column_text]<\/p>\n<p style=\"text-align: center;\"><strong>TREIN<\/strong><\/p>\n<p>Lorsque vous arrivez \u00e0 la gare Santa Lucia de Venise, vous pouvez prendre la ligne 2 de l&rsquo;ACTV et descendre \u00e0 Rialto. Sortez de l&#8217;embarcad\u00e8re, tournez \u00e0 droite et continuez jusqu&rsquo;au campo San Salvador, tournez \u00e0 gauche et continuez jusqu&rsquo;au campo San Bartolomeo et continuez le long de la calle della Bissa, tournez \u00e0 droite dans la calle dell&rsquo;Orso et tournez imm\u00e9diatement \u00e0 gauche dans la Corte del Tintor, en face de vous au num\u00e9ro 5515 int.2 se trouve le Ca&rsquo; Patron Loft.<br \/>\n[\/vc_column_text][\/vc_column][\/vc_row]<\/p>\n","protected":false},"excerpt":{"rendered":"<p>[vc_row full_width=\u00a0\u00bbstretch_row_content_no_spaces\u00a0\u00bb][vc_column][rev_slider_vc alias=\u00a0\u00bblocation\u00a0\u00bb][vc_raw_html]PGRpdiBjbGFzcz0iYXJyb3ctd3JhcHBlciI+PGRpdiBjbGFzcz0iYXJyb3ciPjwvZGl2PjwvZGl2Pg==[\/vc_raw_html][\/vc_column][\/vc_row][vc_row full_width=\u00a0\u00bbstretch_row_content_no_spaces\u00a0\u00bb content_placement=\u00a0\u00bbmiddle\u00a0\u00bb parallax=\u00a0\u00bbcontent-moving\u00a0\u00bb parallax_speed_bg=\u00a0\u00bb2&Prime; css=\u00a0\u00bb.vc_custom_1572456322243{padding-top: 20px !important;padding-bottom: 60px !important;background-color: #ededed !important;}\u00a0\u00bb][vc_column][vc_column_text] EMPLACEMENT [\/vc_column_text][\/vc_column][\/vc_row][vc_row css=\u00a0\u00bb.vc_custom_1547477519063{padding-top: 30px !important;padding-bottom: 60px !important;}\u00a0\u00bb][vc_column][vc_column_text] Situ\u00e9e dans le quartier de San Marco, dans le centre historique, la r\u00e9sidence Ca\u2019 Patron Loft est proche des lignes ACTV 1 et 2 (Fermata &#8211; Rialto) de Tronchetto, Piazzale Roma et Ferrovia, et&hellip;<\/p>\n","protected":false},"author":1,"featured_media":0,"parent":0,"menu_order":0,"comment_status":"closed","ping_status":"closed","template":"","meta":[],"_links":{"self":[{"href":"https:\/\/www.capatronloft.com\/fr\/wp-json\/wp\/v2\/pages\/363"}],"collection":[{"href":"https:\/\/www.capatronloft.com\/fr\/wp-json\/wp\/v2\/pages"}],"about":[{"href":"https:\/\/www.capatronloft.com\/fr\/wp-json\/wp\/v2\/types\/page"}],"author":[{"embeddable":true,"href":"https:\/\/www.capatronloft.com\/fr\/wp-json\/wp\/v2\/users\/1"}],"replies":[{"embeddable":true,"href":"https:\/\/www.capatronloft.com\/fr\/wp-json\/wp\/v2\/comments?post=363"}],"version-history":[{"count":12,"href":"https:\/\/www.capatronloft.com\/fr\/wp-json\/wp\/v2\/pages\/363\/revisions"}],"predecessor-version":[{"id":623,"href":"https:\/\/www.capatronloft.com\/fr\/wp-json\/wp\/v2\/pages\/363\/revisions\/623"}],"wp:attachment":[{"href":"https:\/\/www.capatronloft.com\/fr\/wp-json\/wp\/v2\/media?parent=363"}],"curies":[{"name":"wp","href":"https:\/\/api.w.org\/{rel}","templated":true}]}}