{"id":302,"date":"2019-10-30T16:42:44","date_gmt":"2019-10-30T15:42:44","guid":{"rendered":"https:\/\/www.italiahaus.com\/home\/"},"modified":"2025-01-24T16:46:24","modified_gmt":"2025-01-24T15:46:24","slug":"home","status":"publish","type":"page","link":"https:\/\/www.capatronloft.com\/fr\/","title":{"rendered":"Accueil"},"content":{"rendered":"<p>[vc_row full_width=\u00a0\u00bbstretch_row_content_no_spaces\u00a0\u00bb][vc_column]\n\t\t\t<!-- START Slider 1 REVOLUTION SLIDER 6.0.9 --><p class=\"rs-p-wp-fix\"><\/p>\n\t\t\t<rs-module-wrap id=\"rev_slider_1_1_wrapper\" data-source=\"gallery\" style=\"background:transparent;padding:0;\">\n\t\t\t\t<rs-module id=\"rev_slider_1_1\" style=\"display:none;\" data-version=\"6.0.9\">\n\t\t\t\t\t<rs-slides>\n\t\t\t\t\t\t<rs-slide data-key=\"rs-7\" data-title=\"Slide\" data-anim=\"ei:d;eo:d;s:1000;r:0;t:fade;sl:0;\">\n\t\t\t\t\t\t\t<img src=\"\/\/www.capatronloft.com\/wp-content\/uploads\/2025\/01\/IMG_3918.jpg\" title=\"IMG_3918\" width=\"1920\" height=\"1280\" class=\"rev-slidebg\" data-no-retina>\n<!---->\t\t\t\t\t\t<\/rs-slide>\n\t\t\t\t\t\t<rs-slide data-key=\"rs-4\" data-title=\"Slide\" data-anim=\"ei:d;eo:d;s:1000;r:0;t:fade;sl:0;\">\n\t\t\t\t\t\t\t<img src=\"\/\/www.capatronloft.com\/wp-content\/uploads\/2025\/01\/IMG_3948.jpg\" title=\"IMG_3948\" width=\"1920\" height=\"1280\" class=\"rev-slidebg\" data-no-retina>\n<!---->\t\t\t\t\t\t<\/rs-slide>\n\t\t\t\t\t\t<rs-slide data-key=\"rs-5\" data-title=\"Slide\" data-anim=\"ei:d;eo:d;s:1000;r:0;t:fade;sl:0;\">\n\t\t\t\t\t\t\t<img src=\"\/\/www.capatronloft.com\/wp-content\/uploads\/2021\/08\/IMG_3308.jpg\" title=\"IMG_3308\" width=\"2560\" height=\"1707\" class=\"rev-slidebg\" data-no-retina>\n<!---->\t\t\t\t\t\t<\/rs-slide>\n\t\t\t\t\t\t<rs-slide data-key=\"rs-2\" data-title=\"Slide\" data-anim=\"ei:d;eo:d;s:1000;r:0;t:fade;sl:0;\">\n\t\t\t\t\t\t\t<img src=\"\/\/www.capatronloft.com\/wp-content\/uploads\/2021\/08\/IMG_5331.jpg\" title=\"IMG_5331\" width=\"2560\" height=\"1707\" class=\"rev-slidebg\" data-no-retina>\n<!---->\t\t\t\t\t\t<\/rs-slide>\n\t\t\t\t\t<\/rs-slides>\n\t\t\t\t\t<rs-progress class=\"rs-bottom\" style=\"visibility: hidden !important;\"><\/rs-progress>\n\t\t\t\t<\/rs-module>\n\t\t\t\t<script type=\"text\/javascript\">\n\t\t\t\t\tsetREVStartSize({c: 'rev_slider_1_1',rl:[1240,1024,778,480],el:[900],gw:[1240],gh:[900],layout:'fullscreen',offsetContainer:'',offset:'',mh:\"0\"});\n\t\t\t\t\tvar\trevapi1,\n\t\t\t\t\t\ttpj;\n\t\t\t\t\tjQuery(function() {\n\t\t\t\t\t\ttpj = jQuery;\n\t\t\t\t\t\tif(tpj(\"#rev_slider_1_1\").revolution == undefined){\n\t\t\t\t\t\t\trevslider_showDoubleJqueryError(\"#rev_slider_1_1\");\n\t\t\t\t\t\t}else{\n\t\t\t\t\t\t\trevapi1 = tpj(\"#rev_slider_1_1\").show().revolution({\n\t\t\t\t\t\t\t\tjsFileLocation:\"\/\/www.capatronloft.com\/wp-content\/plugins\/revslider\/public\/assets\/js\/\",\n\t\t\t\t\t\t\t\tsliderLayout:\"fullscreen\",\n\t\t\t\t\t\t\t\tduration:\"4000ms\",\n\t\t\t\t\t\t\t\tvisibilityLevels:\"1240,1024,778,480\",\n\t\t\t\t\t\t\t\tgridwidth:1240,\n\t\t\t\t\t\t\t\tgridheight:900,\n\t\t\t\t\t\t\t\tminHeight:\"\",\n\t\t\t\t\t\t\t\tspinner:\"spinner0\",\n\t\t\t\t\t\t\t\teditorheight:\"900,768,960,720\",\n\t\t\t\t\t\t\t\tresponsiveLevels:\"1240,1024,778,480\",\n\t\t\t\t\t\t\t\tdisableProgressBar:\"on\",\n\t\t\t\t\t\t\t\tnavigation: {\n\t\t\t\t\t\t\t\t\tonHoverStop:false\n\t\t\t\t\t\t\t\t},\n\t\t\t\t\t\t\t\tfallbacks: {\n\t\t\t\t\t\t\t\t\tallowHTML5AutoPlayOnAndroid:true\n\t\t\t\t\t\t\t\t},\n\t\t\t\t\t\t\t});\n\t\t\t\t\t\t}\n\t\t\t\t\t\t\n\t\t\t\t\t});\n\t\t\t\t<\/script>\n\t\t\t<\/rs-module-wrap>\n\t\t\t<!-- END REVOLUTION SLIDER -->\n[vc_raw_html]PGRpdiBjbGFzcz0iYXJyb3ctd3JhcHBlciI+PGRpdiBjbGFzcz0iYXJyb3ciPjwvZGl2PjwvZGl2Pg==[\/vc_raw_html][\/vc_column][\/vc_row][vc_row css=\u00a0\u00bb.vc_custom_1547803399489{padding-top: 60px !important;padding-bottom: 60px !important;}\u00a0\u00bb][vc_column width=\u00a0\u00bb1\/2&Prime;][vc_column_text]<\/p>\n<h2><strong>Ca&rsquo; Patron Loft<\/strong> \u00e0 Venise<\/h2>\n<p>[\/vc_column_text][vc_empty_space][vc_column_text]\u00ab Ca&rsquo; Patron Loft est une r\u00e9sidence intime, raffin\u00e9e et romantique, la meilleure fa\u00e7on de d\u00e9couvrir et de conna\u00eetre Venise \u00bb<\/p>\n<p>\u00c0 quelques pas du Rialto, dans un palais du XVIe si\u00e8cle, se trouve Ca&rsquo; Patron Loft, une r\u00e9sidence v\u00e9nitienne qui, gr\u00e2ce \u00e0 la restauration de 2021, a judicieusement conserv\u00e9 les caract\u00e9ristiques architecturales de l&rsquo;\u00e9poque, en s&rsquo;enrichissant de tous les conforts n\u00e9cessaires pour offrir un s\u00e9jour inoubliable au c\u0153ur de Venise.<\/p>\n<p>Situ\u00e9 dans le centre historique de Venise, \u00e0 quelques pas du pont du Rialto, dans le quartier des bacari et des restaurants, le Ca&rsquo; Patron Loft se trouve \u00e0 quelques minutes des lieux d&rsquo;art les plus visit\u00e9s &#8211; la place Saint-Marc, le palais des Doges, le mus\u00e9e Correr &#8211; et de la Mercerie et de la Calle XXII Marzo, les rues commer\u00e7antes et de luxe.[\/vc_column_text][vc_empty_space height=\u00a0\u00bb10px\u00a0\u00bb][\/vc_column][vc_column width=\u00a0\u00bb1\/2&Prime;][vc_single_image image=\u00a0\u00bb551&Prime; img_size=\u00a0\u00bb580&#215;350&Prime; alignment=\u00a0\u00bbcenter\u00a0\u00bb][\/vc_column][\/vc_row][vc_row full_width=\u00a0\u00bbstretch_row_content_no_spaces\u00a0\u00bb parallax=\u00a0\u00bbcontent-moving\u00a0\u00bb parallax_image=\u00a0\u00bb223&Prime;][vc_column][vc_empty_space height=\u00a0\u00bb600px\u00a0\u00bb][\/vc_column][\/vc_row]<\/p>\n","protected":false},"excerpt":{"rendered":"<p>[vc_row full_width=\u00a0\u00bbstretch_row_content_no_spaces\u00a0\u00bb][vc_column][vc_raw_html]PGRpdiBjbGFzcz0iYXJyb3ctd3JhcHBlciI+PGRpdiBjbGFzcz0iYXJyb3ciPjwvZGl2PjwvZGl2Pg==[\/vc_raw_html][\/vc_column][\/vc_row][vc_row css=\u00a0\u00bb.vc_custom_1547803399489{padding-top: 60px !important;padding-bottom: 60px !important;}\u00a0\u00bb][vc_column width=\u00a0\u00bb1\/2&Prime;][vc_column_text] Ca&rsquo; Patron Loft \u00e0 Venise [\/vc_column_text][vc_empty_space][vc_column_text]\u00ab Ca&rsquo; Patron Loft est une r\u00e9sidence intime, raffin\u00e9e et romantique, la meilleure fa\u00e7on de d\u00e9couvrir et de conna\u00eetre Venise \u00bb \u00c0 quelques pas du Rialto, dans un palais du XVIe si\u00e8cle, se trouve Ca&rsquo; Patron Loft, une r\u00e9sidence v\u00e9nitienne qui, gr\u00e2ce&hellip;<\/p>\n","protected":false},"author":1,"featured_media":0,"parent":0,"menu_order":0,"comment_status":"closed","ping_status":"closed","template":"","meta":[],"_links":{"self":[{"href":"https:\/\/www.capatronloft.com\/fr\/wp-json\/wp\/v2\/pages\/302"}],"collection":[{"href":"https:\/\/www.capatronloft.com\/fr\/wp-json\/wp\/v2\/pages"}],"about":[{"href":"https:\/\/www.capatronloft.com\/fr\/wp-json\/wp\/v2\/types\/page"}],"author":[{"embeddable":true,"href":"https:\/\/www.capatronloft.com\/fr\/wp-json\/wp\/v2\/users\/1"}],"replies":[{"embeddable":true,"href":"https:\/\/www.capatronloft.com\/fr\/wp-json\/wp\/v2\/comments?post=302"}],"version-history":[{"count":10,"href":"https:\/\/www.capatronloft.com\/fr\/wp-json\/wp\/v2\/pages\/302\/revisions"}],"predecessor-version":[{"id":576,"href":"https:\/\/www.capatronloft.com\/fr\/wp-json\/wp\/v2\/pages\/302\/revisions\/576"}],"wp:attachment":[{"href":"https:\/\/www.capatronloft.com\/fr\/wp-json\/wp\/v2\/media?parent=302"}],"curies":[{"name":"wp","href":"https:\/\/api.w.org\/{rel}","templated":true}]}}