{"id":382,"date":"2019-10-30T18:29:29","date_gmt":"2019-10-30T17:29:29","guid":{"rendered":"https:\/\/www.italiahaus.com\/contatti\/"},"modified":"2025-01-24T17:27:58","modified_gmt":"2025-01-24T16:27:58","slug":"contatti","status":"publish","type":"page","link":"https:\/\/www.capatronloft.com\/de\/contatti\/","title":{"rendered":"Kontakte"},"content":{"rendered":"<p>[vc_row full_width=&#8220;stretch_row_content_no_spaces&#8220;][vc_column][rev_slider_vc alias=&#8220;contatti&#8220;][vc_raw_html]PGRpdiBjbGFzcz0iYXJyb3ctd3JhcHBlciI+PGRpdiBjbGFzcz0iYXJyb3ciPjwvZGl2PjwvZGl2Pg==[\/vc_raw_html][\/vc_column][\/vc_row][vc_row full_width=&#8220;stretch_row_content_no_spaces&#8220; content_placement=&#8220;middle&#8220; parallax=&#8220;content-moving&#8220; parallax_speed_bg=&#8220;2&#8243; css=&#8220;.vc_custom_1572456553350{padding-top: 20px !important;padding-bottom: 60px !important;background-color: #ededed !important;}&#8220;][vc_column][vc_column_text]<\/p>\n<h1 style=\"text-align: center;\">KONTAKTE<\/h1>\n<p>[\/vc_column_text]<style type=\"text\/css\" data-type=\"the7_shortcodes-inline-css\">.dt-breadcrumbs-id-4f066c91a384b2d5315c30dc98f4af42 .breadcrumbs {\n  display: inline-block;\n  margin: 0;\n  padding: 2px 10px 2px 10px;\n  border: 0px solid ;\n  border-radius: 0px;\n}\n.dt-breadcrumbs-id-4f066c91a384b2d5315c30dc98f4af42 .breadcrumbs * {\n  font-size: 14px;\n  line-height: 20px;\n  font-style: italic;\n  font-weight: ;\n  text-transform: ;\n}\n<\/style><div class=\"dt-breadcrumbs-shortcode dt-breadcrumbs-id-4f066c91a384b2d5315c30dc98f4af42 align-centre\"><div class=\"assistive-text\">Sie befinden sich hier:<\/div><ol class=\"breadcrumbs text-small\" xmlns:v=\"http:\/\/rdf.data-vocabulary.org\/#\"><li typeof=\"v:Breadcrumb\"><a rel=\"v:url\" property=\"v:title\" href=\"https:\/\/www.capatronloft.com\/de\/\" title=\"\">Start<\/a><\/li><li class=\"current\">Seite<\/li><\/ol><\/div>[\/vc_column][\/vc_row][vc_row css=&#8220;.vc_custom_1547658429374{padding-bottom: 40px !important;}&#8220;][vc_column][vc_column_text]<\/p>\n<p style=\"text-align: center;\">Verwenden Sie das folgende Formular, um uns zu kontaktieren oder weitere Informationen anzufordern.<\/p>\n<p>[\/vc_column_text][\/vc_column][\/vc_row][vc_row css=&#8220;.vc_custom_1547658429374{padding-bottom: 40px !important;}&#8220;][vc_column width=&#8220;1\/6&#8243;][vc_empty_space height=&#8220;5px&#8220;][\/vc_column][vc_column width=&#8220;2\/3&#8243;]<div role=\"form\" class=\"wpcf7\" id=\"wpcf7-f90-o1\" lang=\"it-IT\" dir=\"ltr\">\n<div class=\"screen-reader-response\"><p role=\"status\" aria-live=\"polite\" aria-atomic=\"true\"><\/p> <ul><\/ul><\/div>\n<form action=\"\/de\/wp-json\/wp\/v2\/pages\/382#wpcf7-f90-o1\" method=\"post\" class=\"wpcf7-form init\" novalidate=\"novalidate\" data-status=\"init\">\n<div style=\"display: none;\">\n<input type=\"hidden\" name=\"_wpcf7\" value=\"90\" \/>\n<input type=\"hidden\" name=\"_wpcf7_version\" value=\"5.5.3\" \/>\n<input type=\"hidden\" name=\"_wpcf7_locale\" value=\"it_IT\" \/>\n<input type=\"hidden\" name=\"_wpcf7_unit_tag\" value=\"wpcf7-f90-o1\" \/>\n<input type=\"hidden\" name=\"_wpcf7_container_post\" value=\"0\" \/>\n<input type=\"hidden\" name=\"_wpcf7_posted_data_hash\" value=\"\" \/>\n<\/div>\n<p><label> Il tuo nome (richiesto)<br \/>\n    <span class=\"wpcf7-form-control-wrap your-name\"><input type=\"text\" name=\"your-name\" value=\"\" size=\"40\" class=\"wpcf7-form-control wpcf7-text wpcf7-validates-as-required\" aria-required=\"true\" aria-invalid=\"false\" \/><\/span> <\/label><\/p>\n<p><label> La tua email (richiesto)<br \/>\n    <span class=\"wpcf7-form-control-wrap your-email\"><input type=\"email\" name=\"your-email\" value=\"\" size=\"40\" class=\"wpcf7-form-control wpcf7-text wpcf7-email wpcf7-validates-as-required wpcf7-validates-as-email\" aria-required=\"true\" aria-invalid=\"false\" \/><\/span> <\/label><\/p>\n<p><label> Oggetto<br \/>\n    <span class=\"wpcf7-form-control-wrap your-subject\"><input type=\"text\" name=\"your-subject\" value=\"\" size=\"40\" class=\"wpcf7-form-control wpcf7-text\" aria-invalid=\"false\" \/><\/span> <\/label><\/p>\n<p><label> Il tuo messaggio<br \/>\n    <span class=\"wpcf7-form-control-wrap your-message\"><textarea name=\"your-message\" cols=\"40\" rows=\"10\" class=\"wpcf7-form-control wpcf7-textarea\" aria-invalid=\"false\"><\/textarea><\/span> <\/label><\/p>\n<p>La informiamo che i dati da lei conferiti saranno trattati con mezzi informatici nel rispetto dei principi stabiliti dalla normativa vigente in materia di protezione di dati (Regolamento UE n. 679 del 2016) al solo fine di fornirle le informazioni richieste, ed eventualmente per definire\/confermare la prenotazione di camere e altri servizi. L\u2019informativa completa sulle modalit\u00e0 e finalit\u00e0 dei trattamenti effettuati \u00e8 accessibile attraverso il seguente link: <a href=\"https:\/\/secure.bookingevolution.com\/privacy\/?l=it\" target=\"_blank\">Privacy Policy<\/a>.<br \/>\nSe \u00e8 interessato a ricevere in futuro, all\u2019indirizzo da lei indicato, la nostra newsletter\/periodiche informative sulle nostre tariffe e offerte speciali, dovr\u00e0 fornirci apposito consenso. Potr\u00e0 comunque successivamente, in ogni momento, revocare tale consenso, come indicato nella informativa.<\/p>\n<p><span class=\"wpcf7-form-control-wrap acceptance-682\"><span class=\"wpcf7-form-control wpcf7-acceptance\"><span class=\"wpcf7-list-item\"><label><input type=\"checkbox\" name=\"acceptance-682\" value=\"1\" aria-invalid=\"false\" \/><span class=\"wpcf7-list-item-label\">prendo atto dell\u2019informativa sul trattamento dei dati personali<\/span><\/label><\/span><\/span><\/span><br \/>\n<span class=\"wpcf7-form-control-wrap checkbox-863\"><span class=\"wpcf7-form-control wpcf7-checkbox\"><span class=\"wpcf7-list-item first last\"><label><input type=\"checkbox\" name=\"checkbox-863[]\" value=\"autorizzo l\u2019invio della newsletter e di periodica documentazione sulle tariffe e sulle offerte praticate presso l\u2019indirizzo da me indicato\" \/><span class=\"wpcf7-list-item-label\">autorizzo l\u2019invio della newsletter e di periodica documentazione sulle tariffe e sulle offerte praticate presso l\u2019indirizzo da me indicato<\/span><\/label><\/span><\/span><\/span><\/p>\n<p><input type=\"submit\" value=\"Invia\" class=\"wpcf7-form-control has-spinner wpcf7-submit\" \/><\/p>\n<div class=\"wpcf7-response-output\" aria-hidden=\"true\"><\/div><\/form><\/div>[\/vc_column][vc_column width=&#8220;1\/6&#8243;][vc_empty_space height=&#8220;5px&#8220;][\/vc_column][\/vc_row]<\/p>\n","protected":false},"excerpt":{"rendered":"<p>[vc_row full_width=&#8220;stretch_row_content_no_spaces&#8220;][vc_column][rev_slider_vc alias=&#8220;contatti&#8220;][vc_raw_html]PGRpdiBjbGFzcz0iYXJyb3ctd3JhcHBlciI+PGRpdiBjbGFzcz0iYXJyb3ciPjwvZGl2PjwvZGl2Pg==[\/vc_raw_html][\/vc_column][\/vc_row][vc_row full_width=&#8220;stretch_row_content_no_spaces&#8220; content_placement=&#8220;middle&#8220; parallax=&#8220;content-moving&#8220; parallax_speed_bg=&#8220;2&#8243; css=&#8220;.vc_custom_1572456553350{padding-top: 20px !important;padding-bottom: 60px !important;background-color: #ededed !important;}&#8220;][vc_column][vc_column_text] KONTAKTE [\/vc_column_text][\/vc_column][\/vc_row][vc_row css=&#8220;.vc_custom_1547658429374{padding-bottom: 40px !important;}&#8220;][vc_column][vc_column_text] Verwenden Sie das folgende Formular, um uns zu kontaktieren oder weitere Informationen anzufordern. [\/vc_column_text][\/vc_column][\/vc_row][vc_row css=&#8220;.vc_custom_1547658429374{padding-bottom: 40px !important;}&#8220;][vc_column width=&#8220;1\/6&#8243;][vc_empty_space height=&#8220;5px&#8220;][\/vc_column][vc_column width=&#8220;2\/3&#8243;][\/vc_column][vc_column width=&#8220;1\/6&#8243;][vc_empty_space height=&#8220;5px&#8220;][\/vc_column][\/vc_row]<\/p>\n","protected":false},"author":1,"featured_media":0,"parent":0,"menu_order":0,"comment_status":"closed","ping_status":"closed","template":"","meta":[],"_links":{"self":[{"href":"https:\/\/www.capatronloft.com\/de\/wp-json\/wp\/v2\/pages\/382"}],"collection":[{"href":"https:\/\/www.capatronloft.com\/de\/wp-json\/wp\/v2\/pages"}],"about":[{"href":"https:\/\/www.capatronloft.com\/de\/wp-json\/wp\/v2\/types\/page"}],"author":[{"embeddable":true,"href":"https:\/\/www.capatronloft.com\/de\/wp-json\/wp\/v2\/users\/1"}],"replies":[{"embeddable":true,"href":"https:\/\/www.capatronloft.com\/de\/wp-json\/wp\/v2\/comments?post=382"}],"version-history":[{"count":5,"href":"https:\/\/www.capatronloft.com\/de\/wp-json\/wp\/v2\/pages\/382\/revisions"}],"predecessor-version":[{"id":605,"href":"https:\/\/www.capatronloft.com\/de\/wp-json\/wp\/v2\/pages\/382\/revisions\/605"}],"wp:attachment":[{"href":"https:\/\/www.capatronloft.com\/de\/wp-json\/wp\/v2\/media?parent=382"}],"curies":[{"name":"wp","href":"https:\/\/api.w.org\/{rel}","templated":true}]}}