{"id":364,"date":"2019-10-30T18:26:59","date_gmt":"2019-10-30T17:26:59","guid":{"rendered":"https:\/\/www.italiahaus.com\/location\/"},"modified":"2025-11-03T17:28:03","modified_gmt":"2025-11-03T16:28:03","slug":"location","status":"publish","type":"page","link":"https:\/\/www.capatronloft.com\/de\/location\/","title":{"rendered":"Location"},"content":{"rendered":"<p>[vc_row full_width=&#8220;stretch_row_content_no_spaces&#8220;][vc_column][rev_slider_vc alias=&#8220;location&#8220;][vc_raw_html]PGRpdiBjbGFzcz0iYXJyb3ctd3JhcHBlciI+PGRpdiBjbGFzcz0iYXJyb3ciPjwvZGl2PjwvZGl2Pg==[\/vc_raw_html][\/vc_column][\/vc_row][vc_row full_width=&#8220;stretch_row_content_no_spaces&#8220; content_placement=&#8220;middle&#8220; parallax=&#8220;content-moving&#8220; parallax_speed_bg=&#8220;2&#8243; css=&#8220;.vc_custom_1572456322243{padding-top: 20px !important;padding-bottom: 60px !important;background-color: #ededed !important;}&#8220;][vc_column][vc_column_text]<\/p>\n<h1 style=\"text-align: center;\">LOCATION<\/h1>\n<p>[\/vc_column_text]<style type=\"text\/css\" data-type=\"the7_shortcodes-inline-css\">.dt-breadcrumbs-id-4f066c91a384b2d5315c30dc98f4af42 .breadcrumbs {\n  display: inline-block;\n  margin: 0;\n  padding: 2px 10px 2px 10px;\n  border: 0px solid ;\n  border-radius: 0px;\n}\n.dt-breadcrumbs-id-4f066c91a384b2d5315c30dc98f4af42 .breadcrumbs * {\n  font-size: 14px;\n  line-height: 20px;\n  font-style: italic;\n  font-weight: ;\n  text-transform: ;\n}\n<\/style><div class=\"dt-breadcrumbs-shortcode dt-breadcrumbs-id-4f066c91a384b2d5315c30dc98f4af42 align-centre\"><div class=\"assistive-text\">Sie befinden sich hier:<\/div><ol class=\"breadcrumbs text-small\" xmlns:v=\"http:\/\/rdf.data-vocabulary.org\/#\"><li typeof=\"v:Breadcrumb\"><a rel=\"v:url\" property=\"v:title\" href=\"https:\/\/www.capatronloft.com\/de\/\" title=\"\">Start<\/a><\/li><li class=\"current\">Seite<\/li><\/ol><\/div>[\/vc_column][\/vc_row][vc_row css=&#8220;.vc_custom_1547477519063{padding-top: 30px !important;padding-bottom: 60px !important;}&#8220;][vc_column][vc_column_text]<\/p>\n<p style=\"text-align: center;\">Ca&#8216; Patron Loft liegt im Sestiere San Marco, direkt im historischen Zentrum, in der N\u00e4he der ACTV-Linien 1 und 2 (Haltestelle Rialto) von Tronchetto, Piazzale Roma und Ferrovia, und Alilaguna Arancio vom Flughafen Venedig Marco Polo (Haltestelle Rialto)<br \/>\nSie k\u00f6nnen die Residenz erreichen, ohne mit Ihren Koffern irgendwelche Br\u00fccken \u00fcberqueren zu m\u00fcssen!<\/p>\n<p>[\/vc_column_text][\/vc_column][\/vc_row][vc_row full_width=&#8220;stretch_row_content&#8220; css=&#8220;.vc_custom_1627980002010{padding-top: 15px !important;padding-bottom: 60px !important;}&#8220;][vc_column][vc_gmaps link=&#8220;#E-8_JTNDaWZyYW1lJTIwc3JjJTNEJTIyaHR0cHMlM0ElMkYlMkZ3d3cuZ29vZ2xlLmNvbSUyRm1hcHMlMkZlbWJlZCUzRnBiJTNEJTIxMW0xOCUyMTFtMTIlMjExbTMlMjExZDQxOC43NTEwMjY1NTgwMDA4JTIxMmQxMi4zMzcxNjAyNjk0OTQ0NTglMjEzZDQ1LjQzODEzNjM1MTgzODgyJTIxMm0zJTIxMWYwJTIxMmYwJTIxM2YwJTIxM20yJTIxMWkxMDI0JTIxMmk3NjglMjE0ZjEzLjElMjEzbTMlMjExbTIlMjExczB4NDc3ZWIxMjdlYTA4MzcyMyUyNTNBMHhlMGM5YjE0ZmUzZTBlNWEwJTIxMnNDJTI1QzMlMjVBMCUyNTIwUGF0cm9uJTI1MjBMb2Z0JTI1MjBWZW5pY2UlMjUyQyUyNTIwQ2FuYWwlMjUyMFZpZXclMjE1ZTElMjEzbTIlMjExc2l0JTIxMnNpdCUyMTR2MTc2MjE4NzE3NDc1OCUyMTVtMiUyMTFzaXQlMjEyc2l0JTIyJTIwd2lkdGglM0QlMjI2MDAlMjIlMjBoZWlnaHQlM0QlMjI0NTAlMjIlMjBzdHlsZSUzRCUyMmJvcmRlciUzQTAlM0IlMjIlMjBhbGxvd2Z1bGxzY3JlZW4lM0QlMjIlMjIlMjBsb2FkaW5nJTNEJTIybGF6eSUyMiUyMHJlZmVycmVycG9saWN5JTNEJTIybm8tcmVmZXJyZXItd2hlbi1kb3duZ3JhZGUlMjIlM0UlM0MlMkZpZnJhbWUlM0U=&#8220; size=&#8220;600px&#8220;][\/vc_column][\/vc_row][vc_row css=&#8220;.vc_custom_1547477519063{padding-top: 30px !important;padding-bottom: 60px !important;}&#8220;][vc_column][vc_column_text]<\/p>\n<h3 style=\"text-align: center;\">So erreichen Sie uns<\/h3>\n<p>[\/vc_column_text][\/vc_column][\/vc_row][vc_row full_width=&#8220;stretch_row_content&#8220; gap=&#8220;35&#8243; css=&#8220;.vc_custom_1547712291318{padding-bottom: 50px !important;}&#8220;][vc_column width=&#8220;1\/3&#8243; css=&#8220;.vc_custom_1627980089056{padding-top: 35px !important;padding-right: 35px !important;padding-bottom: 35px !important;padding-left: 35px !important;background-color: #eeeeee !important;}&#8220;][vc_icon icon_fontawesome=&#8220;fa fa-plane&#8220; color=&#8220;black&#8220; size=&#8220;xl&#8220; align=&#8220;center&#8220;][vc_column_text]<\/p>\n<p style=\"text-align: center;\"><b>FLUGZEUG<\/b><\/p>\n<p>Am internationalen Flughafen Venedig Marco Polo k\u00f6nnen Sie einfach die Linie Alilaguna Arancio nehmen und in Rialto aussteigen. Wenn Sie den Pier verlassen, biegen Sie rechts ab und folgen Sie dem Campo San Salvador, biegen Sie links ab und fahren Sie weiter zum Campo San Bartolomeo und gehen Sie die Calle della Bissa entlang, biegen Sie rechts ab in die Calle dell&#8217;Orso und biegen Sie sofort links ab in die Corte del Tintor, vor Ihnen an der Hausnummer 5515 int.2 ist das Ca&#8216; Patron Loft.<br \/>\n[\/vc_column_text][\/vc_column][vc_column width=&#8220;1\/3&#8243; css=&#8220;.vc_custom_1627980116627{padding-top: 35px !important;padding-right: 35px !important;padding-bottom: 35px !important;padding-left: 35px !important;background-color: #eeeeee !important;}&#8220;][vc_icon icon_fontawesome=&#8220;fa fa-car&#8220; color=&#8220;black&#8220; size=&#8220;xl&#8220; align=&#8220;center&#8220;][vc_column_text]<\/p>\n<p style=\"text-align: center;\"><strong>AUTO<\/strong><\/p>\n<p>Parken Sie Ihr Auto in einer der Garagen am Tronchetto (billigere Variante) oder am Piazzale Roma. Von beiden Orten aus k\u00f6nnen Sie die ACTV-Linie 2 nehmen und am Rialto aussteigen. Sobald Sie den Pier verlassen haben, biegen Sie rechts ab und folgen Sie dem Campo San Salvador, biegen Sie links ab und fahren Sie weiter zum Campo San Bartolomeo und gehen Sie die Calle della Bissa entlang, biegen Sie rechts in die Calle dell&#8217;Orso ein und biegen Sie sofort links in die Corte del Tintor ein. Vor Ihnen, an der Hausnummer 5515 int.2, finden Sie das Ca&#8216; Patron Loft.<br \/>\n[\/vc_column_text][\/vc_column][vc_column width=&#8220;1\/3&#8243; css=&#8220;.vc_custom_1627980106386{padding-top: 35px !important;padding-right: 35px !important;padding-bottom: 35px !important;padding-left: 35px !important;background-color: #eeeeee !important;}&#8220;][vc_icon icon_fontawesome=&#8220;fa fa-train&#8220; color=&#8220;black&#8220; size=&#8220;xl&#8220; align=&#8220;center&#8220;][vc_column_text]<\/p>\n<p style=\"text-align: center;\"><strong>ZUG<\/strong><\/p>\n<p>Wenn Sie am Bahnhof Santa Lucia in Venedig ankommen, k\u00f6nnen Sie die ACTV-Linie 2 nehmen und in Rialto aussteigen. Verlassen Sie die Anlegestelle, biegen Sie rechts ab und fahren Sie bis zum Campo San Salvador, biegen Sie links ab und fahren Sie bis zum Campo San Bartolomeo, fahren Sie die Calle della Bissa entlang, biegen Sie rechts ab in die Calle dell&#8217;Orso und biegen Sie sofort links ab in die Corte del Tintor, vor Ihnen, an der Hausnummer 5515 int.2, liegt das Ca&#8216; Patron Loft.<br \/>\n[\/vc_column_text][\/vc_column][\/vc_row]<\/p>\n","protected":false},"excerpt":{"rendered":"<p>[vc_row full_width=&#8220;stretch_row_content_no_spaces&#8220;][vc_column][rev_slider_vc alias=&#8220;location&#8220;][vc_raw_html]PGRpdiBjbGFzcz0iYXJyb3ctd3JhcHBlciI+PGRpdiBjbGFzcz0iYXJyb3ciPjwvZGl2PjwvZGl2Pg==[\/vc_raw_html][\/vc_column][\/vc_row][vc_row full_width=&#8220;stretch_row_content_no_spaces&#8220; content_placement=&#8220;middle&#8220; parallax=&#8220;content-moving&#8220; parallax_speed_bg=&#8220;2&#8243; css=&#8220;.vc_custom_1572456322243{padding-top: 20px !important;padding-bottom: 60px !important;background-color: #ededed !important;}&#8220;][vc_column][vc_column_text] LOCATION [\/vc_column_text][\/vc_column][\/vc_row][vc_row css=&#8220;.vc_custom_1547477519063{padding-top: 30px !important;padding-bottom: 60px !important;}&#8220;][vc_column][vc_column_text] Ca&#8216; Patron Loft liegt im Sestiere San Marco, direkt im historischen Zentrum, in der N\u00e4he der ACTV-Linien 1 und 2 (Haltestelle Rialto) von Tronchetto, Piazzale Roma und Ferrovia, und Alilaguna Arancio vom Flughafen Venedig&hellip;<\/p>\n","protected":false},"author":1,"featured_media":0,"parent":0,"menu_order":0,"comment_status":"closed","ping_status":"closed","template":"","meta":[],"_links":{"self":[{"href":"https:\/\/www.capatronloft.com\/de\/wp-json\/wp\/v2\/pages\/364"}],"collection":[{"href":"https:\/\/www.capatronloft.com\/de\/wp-json\/wp\/v2\/pages"}],"about":[{"href":"https:\/\/www.capatronloft.com\/de\/wp-json\/wp\/v2\/types\/page"}],"author":[{"embeddable":true,"href":"https:\/\/www.capatronloft.com\/de\/wp-json\/wp\/v2\/users\/1"}],"replies":[{"embeddable":true,"href":"https:\/\/www.capatronloft.com\/de\/wp-json\/wp\/v2\/comments?post=364"}],"version-history":[{"count":11,"href":"https:\/\/www.capatronloft.com\/de\/wp-json\/wp\/v2\/pages\/364\/revisions"}],"predecessor-version":[{"id":624,"href":"https:\/\/www.capatronloft.com\/de\/wp-json\/wp\/v2\/pages\/364\/revisions\/624"}],"wp:attachment":[{"href":"https:\/\/www.capatronloft.com\/de\/wp-json\/wp\/v2\/media?parent=364"}],"curies":[{"name":"wp","href":"https:\/\/api.w.org\/{rel}","templated":true}]}}